{"id":1085,"date":"2018-10-11T18:12:11","date_gmt":"2018-10-11T18:12:11","guid":{"rendered":"https:\/\/sunway.freevision.me\/?page_id=1085"},"modified":"2026-05-11T21:32:44","modified_gmt":"2026-05-11T21:32:44","slug":"galeri","status":"publish","type":"page","link":"https:\/\/www.seckinotelrestaurant.com\/en\/galeri\/","title":{"rendered":"Gallery"},"content":{"rendered":"<div class=\"vc_row wpb_row vc_row-fluid vc_custom_1539281504374 vc_column-gap-0\"><div class=\"wpb_column vc_column_container vc_col-sm-12\"><div class=\"vc_column-inner\"><div class=\"wpb_wrapper\"><h1 style=\"text-align: center\" class=\"vc_custom_heading\" >Photo gallery<\/h1><p style=\"text-align: center\" class=\"vc_custom_heading\" >Se\u00e7kin Otel'i Ke\u015ffedin<\/p><\/div><\/div><\/div><\/div><div data-vc-full-width=\"true\" data-vc-full-width-init=\"false\" data-vc-stretch-content=\"true\" class=\"vc_row wpb_row vc_row-fluid vc_custom_1543003480752 vc_column-gap-0\"><div class=\"wpb_column vc_column_container vc_col-sm-12\"><div class=\"vc_column-inner\"><div class=\"wpb_wrapper\"><ul class=\"ozy-mosaic_gallery\" id=\"mosaic-gallery-1\"><div class=\"grid-sizer\"><\/div><div class=\"gutter-sizer\"><\/div><li class=\"gallery-item\"><a href=\"https:\/\/www.seckinotelrestaurant.com\/wp-content\/uploads\/2026\/04\/gorsel_2026-04-19_142313409.png\"><img src=\"https:\/\/www.seckinotelrestaurant.com\/wp-content\/uploads\/2026\/04\/gorsel_2026-04-19_142313409.png\" alt=\"\"\/><span><\/span><\/a><\/li><li class=\"gallery-item\"><a href=\"https:\/\/www.seckinotelrestaurant.com\/wp-content\/uploads\/2017\/05\/gorsel_2026-04-19_142208891.png\"><img src=\"https:\/\/www.seckinotelrestaurant.com\/wp-content\/uploads\/2017\/05\/gorsel_2026-04-19_142208891.png\" alt=\"\"\/><span><\/span><\/a><\/li><li class=\"gallery-item\"><a href=\"https:\/\/www.seckinotelrestaurant.com\/wp-content\/uploads\/2017\/05\/gorsel_2026-04-19_140920212.png\"><img src=\"https:\/\/www.seckinotelrestaurant.com\/wp-content\/uploads\/2017\/05\/gorsel_2026-04-19_140920212.png\" alt=\"\"\/><span><\/span><\/a><\/li><li class=\"gallery-item\"><a href=\"https:\/\/www.seckinotelrestaurant.com\/wp-content\/uploads\/2018\/05\/gorsel_2026-04-19_140522326.png\"><img src=\"https:\/\/www.seckinotelrestaurant.com\/wp-content\/uploads\/2018\/05\/gorsel_2026-04-19_140522326.png\" alt=\"\"\/><span><\/span><\/a><\/li><li class=\"gallery-item\"><a href=\"https:\/\/www.seckinotelrestaurant.com\/wp-content\/uploads\/2026\/04\/gorsel_2026-04-19_135620063.png\"><img src=\"https:\/\/www.seckinotelrestaurant.com\/wp-content\/uploads\/2026\/04\/gorsel_2026-04-19_135620063.png\" alt=\"\"\/><span><\/span><\/a><\/li><li class=\"gallery-item\"><a href=\"https:\/\/www.seckinotelrestaurant.com\/wp-content\/uploads\/2026\/04\/gorsel_2026-04-19_134312982.png\"><img src=\"https:\/\/www.seckinotelrestaurant.com\/wp-content\/uploads\/2026\/04\/gorsel_2026-04-19_134312982-1024x683.png\" alt=\"\"\/><span><\/span><\/a><\/li><li class=\"gallery-item\"><a href=\"https:\/\/www.seckinotelrestaurant.com\/wp-content\/uploads\/2026\/04\/gorsel_2026-04-19_142523381.png\"><img src=\"https:\/\/www.seckinotelrestaurant.com\/wp-content\/uploads\/2026\/04\/gorsel_2026-04-19_142523381.png\" alt=\"\"\/><span><\/span><\/a><\/li><li class=\"gallery-item\"><a href=\"https:\/\/www.seckinotelrestaurant.com\/wp-content\/uploads\/2026\/04\/gorsel_2026-04-19_142543465.png\"><img src=\"https:\/\/www.seckinotelrestaurant.com\/wp-content\/uploads\/2026\/04\/gorsel_2026-04-19_142543465.png\" alt=\"\"\/><span><\/span><\/a><\/li><li class=\"gallery-item\"><a href=\"https:\/\/www.seckinotelrestaurant.com\/wp-content\/uploads\/2026\/04\/gorsel_2026-04-19_142556758.png\"><img src=\"https:\/\/www.seckinotelrestaurant.com\/wp-content\/uploads\/2026\/04\/gorsel_2026-04-19_142556758.png\" alt=\"\"\/><span><\/span><\/a><\/li><li class=\"gallery-item\"><a href=\"https:\/\/www.seckinotelrestaurant.com\/wp-content\/uploads\/2026\/04\/gorsel_2026-04-19_142606103.png\"><img src=\"https:\/\/www.seckinotelrestaurant.com\/wp-content\/uploads\/2026\/04\/gorsel_2026-04-19_142606103.png\" alt=\"\"\/><span><\/span><\/a><\/li><li class=\"gallery-item\"><a href=\"https:\/\/www.seckinotelrestaurant.com\/wp-content\/uploads\/2026\/04\/gorsel_2026-04-19_142612111.png\"><img src=\"https:\/\/www.seckinotelrestaurant.com\/wp-content\/uploads\/2026\/04\/gorsel_2026-04-19_142612111.png\" alt=\"\"\/><span><\/span><\/a><\/li><li class=\"gallery-item\"><a href=\"https:\/\/www.seckinotelrestaurant.com\/wp-content\/uploads\/2026\/04\/gorsel_2026-04-19_142617720.png\"><img src=\"https:\/\/www.seckinotelrestaurant.com\/wp-content\/uploads\/2026\/04\/gorsel_2026-04-19_142617720.png\" alt=\"\"\/><span><\/span><\/a><\/li><li class=\"gallery-item\"><a href=\"https:\/\/www.seckinotelrestaurant.com\/wp-content\/uploads\/2026\/04\/gorsel_2026-04-19_142622418.png\"><img src=\"https:\/\/www.seckinotelrestaurant.com\/wp-content\/uploads\/2026\/04\/gorsel_2026-04-19_142622418.png\" alt=\"\"\/><span><\/span><\/a><\/li><li class=\"gallery-item\"><a href=\"https:\/\/www.seckinotelrestaurant.com\/wp-content\/uploads\/2026\/04\/gorsel_2026-04-19_142630170.png\"><img src=\"https:\/\/www.seckinotelrestaurant.com\/wp-content\/uploads\/2026\/04\/gorsel_2026-04-19_142630170.png\" alt=\"\"\/><span><\/span><\/a><\/li><li class=\"gallery-item\"><a href=\"https:\/\/www.seckinotelrestaurant.com\/wp-content\/uploads\/2026\/04\/gorsel_2026-04-19_142634954.png\"><img src=\"https:\/\/www.seckinotelrestaurant.com\/wp-content\/uploads\/2026\/04\/gorsel_2026-04-19_142634954.png\" alt=\"\"\/><span><\/span><\/a><\/li><li class=\"gallery-item\"><a href=\"https:\/\/www.seckinotelrestaurant.com\/wp-content\/uploads\/2026\/04\/gorsel_2026-04-19_142639164.png\"><img src=\"https:\/\/www.seckinotelrestaurant.com\/wp-content\/uploads\/2026\/04\/gorsel_2026-04-19_142639164.png\" alt=\"\"\/><span><\/span><\/a><\/li><li class=\"gallery-item\"><a href=\"https:\/\/www.seckinotelrestaurant.com\/wp-content\/uploads\/2026\/05\/2.jpeg\"><img src=\"https:\/\/www.seckinotelrestaurant.com\/wp-content\/uploads\/2026\/05\/2-576x1024.jpeg\" alt=\"\"\/><span><\/span><\/a><\/li><li class=\"gallery-item\"><a href=\"https:\/\/www.seckinotelrestaurant.com\/wp-content\/uploads\/2026\/05\/3.jpeg\"><img src=\"https:\/\/www.seckinotelrestaurant.com\/wp-content\/uploads\/2026\/05\/3-576x1024.jpeg\" alt=\"\"\/><span><\/span><\/a><\/li><li class=\"gallery-item\"><a href=\"https:\/\/www.seckinotelrestaurant.com\/wp-content\/uploads\/2026\/05\/4.jpeg\"><img src=\"https:\/\/www.seckinotelrestaurant.com\/wp-content\/uploads\/2026\/05\/4-576x1024.jpeg\" alt=\"\"\/><span><\/span><\/a><\/li><li class=\"gallery-item\"><a href=\"https:\/\/www.seckinotelrestaurant.com\/wp-content\/uploads\/2026\/05\/5.jpeg\"><img src=\"https:\/\/www.seckinotelrestaurant.com\/wp-content\/uploads\/2026\/05\/5-576x1024.jpeg\" alt=\"\"\/><span><\/span><\/a><\/li><li class=\"gallery-item\"><a href=\"https:\/\/www.seckinotelrestaurant.com\/wp-content\/uploads\/2026\/05\/6.jpeg\"><img src=\"https:\/\/www.seckinotelrestaurant.com\/wp-content\/uploads\/2026\/05\/6-576x1024.jpeg\" alt=\"\"\/><span><\/span><\/a><\/li><li class=\"gallery-item\"><a href=\"https:\/\/www.seckinotelrestaurant.com\/wp-content\/uploads\/2026\/05\/7.jpeg\"><img src=\"https:\/\/www.seckinotelrestaurant.com\/wp-content\/uploads\/2026\/05\/7-576x1024.jpeg\" alt=\"\"\/><span><\/span><\/a><\/li><li class=\"gallery-item\"><a href=\"https:\/\/www.seckinotelrestaurant.com\/wp-content\/uploads\/2026\/05\/8.jpeg\"><img src=\"https:\/\/www.seckinotelrestaurant.com\/wp-content\/uploads\/2026\/05\/8-576x1024.jpeg\" alt=\"\"\/><span><\/span><\/a><\/li><li class=\"gallery-item\"><a href=\"https:\/\/www.seckinotelrestaurant.com\/wp-content\/uploads\/2026\/05\/9.jpeg\"><img src=\"https:\/\/www.seckinotelrestaurant.com\/wp-content\/uploads\/2026\/05\/9-576x1024.jpeg\" alt=\"\"\/><span><\/span><\/a><\/li><li class=\"gallery-item\"><a href=\"https:\/\/www.seckinotelrestaurant.com\/wp-content\/uploads\/2026\/05\/10-1.jpeg\"><img src=\"https:\/\/www.seckinotelrestaurant.com\/wp-content\/uploads\/2026\/05\/10-1-1024x576.jpeg\" alt=\"\"\/><span><\/span><\/a><\/li><li class=\"gallery-item\"><a href=\"https:\/\/www.seckinotelrestaurant.com\/wp-content\/uploads\/2026\/05\/11.jpeg\"><img src=\"https:\/\/www.seckinotelrestaurant.com\/wp-content\/uploads\/2026\/05\/11-576x1024.jpeg\" alt=\"\"\/><span><\/span><\/a><\/li><li class=\"gallery-item\"><a href=\"https:\/\/www.seckinotelrestaurant.com\/wp-content\/uploads\/2026\/05\/12-1.jpeg\"><img src=\"https:\/\/www.seckinotelrestaurant.com\/wp-content\/uploads\/2026\/05\/12-1-768x1024.jpeg\" alt=\"\"\/><span><\/span><\/a><\/li><li class=\"gallery-item\"><a href=\"https:\/\/www.seckinotelrestaurant.com\/wp-content\/uploads\/2026\/05\/WhatsApp-Image-2026-05-11-at-20.07.06.jpeg\"><img src=\"https:\/\/www.seckinotelrestaurant.com\/wp-content\/uploads\/2026\/05\/WhatsApp-Image-2026-05-11-at-20.07.06-576x1024.jpeg\" alt=\"\"\/><span><\/span><\/a><\/li><\/ul><\/div><\/div><\/div><\/div><div class=\"vc_row-full-width vc_clearfix\"><\/div>","protected":false},"excerpt":{"rendered":"Foto\u011fraf GalerisiSe\u00e7kin Otel'i Ke\u015ffedin","protected":false},"author":1,"featured_media":0,"parent":0,"menu_order":0,"comment_status":"closed","ping_status":"closed","template":"","meta":[],"yoast_head":"<!-- This site is optimized with the Yoast SEO plugin v19.1 - https:\/\/yoast.com\/wordpress\/plugins\/seo\/ -->\n<title>Galeri - Se\u00e7kin Otel Restaurant<\/title>\n<meta name=\"robots\" content=\"index, follow, max-snippet:-1, max-image-preview:large, max-video-preview:-1\" \/>\n<link rel=\"canonical\" href=\"https:\/\/1.seckinotelrestaurant.com\/galeri\/\" \/>\n<meta property=\"og:locale\" content=\"en_US\" \/>\n<meta property=\"og:type\" content=\"article\" \/>\n<meta property=\"og:title\" content=\"Galeri - Se\u00e7kin Otel Restaurant\" \/>\n<meta property=\"og:url\" content=\"https:\/\/1.seckinotelrestaurant.com\/galeri\/\" \/>\n<meta property=\"og:site_name\" content=\"Se\u00e7kin Otel Restaurant\" \/>\n<meta property=\"article:publisher\" content=\"https:\/\/www.facebook.com\/seckinotel\" \/>\n<meta property=\"article:modified_time\" content=\"2026-05-11T21:32:44+00:00\" \/>\n<meta name=\"twitter:card\" content=\"summary_large_image\" \/>\n<meta name=\"twitter:label1\" content=\"Est. reading time\" \/>\n\t<meta name=\"twitter:data1\" content=\"1 minute\" \/>\n<script type=\"application\/ld+json\" class=\"yoast-schema-graph\">{\"@context\":\"https:\/\/schema.org\",\"@graph\":[{\"@type\":\"Organization\",\"@id\":\"https:\/\/1.seckinotelrestaurant.com\/#organization\",\"name\":\"Se\u00e7kin Otel Restaurant\",\"url\":\"https:\/\/1.seckinotelrestaurant.com\/\",\"sameAs\":[\"https:\/\/www.instagram.com\/seckinotel\",\"https:\/\/www.facebook.com\/seckinotel\"],\"logo\":{\"@type\":\"ImageObject\",\"inLanguage\":\"en-US\",\"@id\":\"https:\/\/1.seckinotelrestaurant.com\/#\/schema\/logo\/image\/\",\"url\":\"https:\/\/www.seckinotelrestaurant.com\/wp-content\/uploads\/2026\/04\/seckinlogo-1.png\",\"contentUrl\":\"https:\/\/www.seckinotelrestaurant.com\/wp-content\/uploads\/2026\/04\/seckinlogo-1.png\",\"width\":100,\"height\":100,\"caption\":\"Se\u00e7kin Otel Restaurant\"},\"image\":{\"@id\":\"https:\/\/1.seckinotelrestaurant.com\/#\/schema\/logo\/image\/\"}},{\"@type\":\"WebSite\",\"@id\":\"https:\/\/1.seckinotelrestaurant.com\/#website\",\"url\":\"https:\/\/1.seckinotelrestaurant.com\/\",\"name\":\"Se\u00e7kin Otel Restaurant\",\"description\":\"K\u00fc\u00e7\u00fckkuyu Pati Dostu Butik Otel\",\"publisher\":{\"@id\":\"https:\/\/1.seckinotelrestaurant.com\/#organization\"},\"potentialAction\":[{\"@type\":\"SearchAction\",\"target\":{\"@type\":\"EntryPoint\",\"urlTemplate\":\"https:\/\/1.seckinotelrestaurant.com\/?s={search_term_string}\"},\"query-input\":\"required name=search_term_string\"}],\"inLanguage\":\"en-US\"},{\"@type\":\"WebPage\",\"@id\":\"https:\/\/1.seckinotelrestaurant.com\/galeri\/#webpage\",\"url\":\"https:\/\/1.seckinotelrestaurant.com\/galeri\/\",\"name\":\"Galeri - Se\u00e7kin Otel Restaurant\",\"isPartOf\":{\"@id\":\"https:\/\/1.seckinotelrestaurant.com\/#website\"},\"datePublished\":\"2018-10-11T18:12:11+00:00\",\"dateModified\":\"2026-05-11T21:32:44+00:00\",\"breadcrumb\":{\"@id\":\"https:\/\/1.seckinotelrestaurant.com\/galeri\/#breadcrumb\"},\"inLanguage\":\"en-US\",\"potentialAction\":[{\"@type\":\"ReadAction\",\"target\":[\"https:\/\/1.seckinotelrestaurant.com\/galeri\/\"]}]},{\"@type\":\"BreadcrumbList\",\"@id\":\"https:\/\/1.seckinotelrestaurant.com\/galeri\/#breadcrumb\",\"itemListElement\":[{\"@type\":\"ListItem\",\"position\":1,\"name\":\"Anasayfa\",\"item\":\"https:\/\/www.seckinotelrestaurant.com\/\"},{\"@type\":\"ListItem\",\"position\":2,\"name\":\"Galeri\"}]}]}<\/script>\n<!-- \/ Yoast SEO plugin. -->","yoast_head_json":{"title":"Galeri - Se\u00e7kin Otel Restaurant","robots":{"index":"index","follow":"follow","max-snippet":"max-snippet:-1","max-image-preview":"max-image-preview:large","max-video-preview":"max-video-preview:-1"},"canonical":"https:\/\/1.seckinotelrestaurant.com\/galeri\/","og_locale":"en_US","og_type":"article","og_title":"Galeri - Se\u00e7kin Otel Restaurant","og_url":"https:\/\/1.seckinotelrestaurant.com\/galeri\/","og_site_name":"Se\u00e7kin Otel Restaurant","article_publisher":"https:\/\/www.facebook.com\/seckinotel","article_modified_time":"2026-05-11T21:32:44+00:00","twitter_card":"summary_large_image","twitter_misc":{"Est. reading time":"1 minute"},"schema":{"@context":"https:\/\/schema.org","@graph":[{"@type":"Organization","@id":"https:\/\/1.seckinotelrestaurant.com\/#organization","name":"Se\u00e7kin Otel Restaurant","url":"https:\/\/1.seckinotelrestaurant.com\/","sameAs":["https:\/\/www.instagram.com\/seckinotel","https:\/\/www.facebook.com\/seckinotel"],"logo":{"@type":"ImageObject","inLanguage":"en-US","@id":"https:\/\/1.seckinotelrestaurant.com\/#\/schema\/logo\/image\/","url":"https:\/\/www.seckinotelrestaurant.com\/wp-content\/uploads\/2026\/04\/seckinlogo-1.png","contentUrl":"https:\/\/www.seckinotelrestaurant.com\/wp-content\/uploads\/2026\/04\/seckinlogo-1.png","width":100,"height":100,"caption":"Se\u00e7kin Otel Restaurant"},"image":{"@id":"https:\/\/1.seckinotelrestaurant.com\/#\/schema\/logo\/image\/"}},{"@type":"WebSite","@id":"https:\/\/1.seckinotelrestaurant.com\/#website","url":"https:\/\/1.seckinotelrestaurant.com\/","name":"Se\u00e7kin Otel Restaurant","description":"K\u00fc\u00e7\u00fckkuyu Pati Dostu Butik Otel","publisher":{"@id":"https:\/\/1.seckinotelrestaurant.com\/#organization"},"potentialAction":[{"@type":"SearchAction","target":{"@type":"EntryPoint","urlTemplate":"https:\/\/1.seckinotelrestaurant.com\/?s={search_term_string}"},"query-input":"required name=search_term_string"}],"inLanguage":"en-US"},{"@type":"WebPage","@id":"https:\/\/1.seckinotelrestaurant.com\/galeri\/#webpage","url":"https:\/\/1.seckinotelrestaurant.com\/galeri\/","name":"Galeri - Se\u00e7kin Otel Restaurant","isPartOf":{"@id":"https:\/\/1.seckinotelrestaurant.com\/#website"},"datePublished":"2018-10-11T18:12:11+00:00","dateModified":"2026-05-11T21:32:44+00:00","breadcrumb":{"@id":"https:\/\/1.seckinotelrestaurant.com\/galeri\/#breadcrumb"},"inLanguage":"en-US","potentialAction":[{"@type":"ReadAction","target":["https:\/\/1.seckinotelrestaurant.com\/galeri\/"]}]},{"@type":"BreadcrumbList","@id":"https:\/\/1.seckinotelrestaurant.com\/galeri\/#breadcrumb","itemListElement":[{"@type":"ListItem","position":1,"name":"Anasayfa","item":"https:\/\/www.seckinotelrestaurant.com\/"},{"@type":"ListItem","position":2,"name":"Galeri"}]}]}},"_links":{"self":[{"href":"https:\/\/www.seckinotelrestaurant.com\/en\/wp-json\/wp\/v2\/pages\/1085"}],"collection":[{"href":"https:\/\/www.seckinotelrestaurant.com\/en\/wp-json\/wp\/v2\/pages"}],"about":[{"href":"https:\/\/www.seckinotelrestaurant.com\/en\/wp-json\/wp\/v2\/types\/page"}],"author":[{"embeddable":true,"href":"https:\/\/www.seckinotelrestaurant.com\/en\/wp-json\/wp\/v2\/users\/1"}],"replies":[{"embeddable":true,"href":"https:\/\/www.seckinotelrestaurant.com\/en\/wp-json\/wp\/v2\/comments?post=1085"}],"version-history":[{"count":11,"href":"https:\/\/www.seckinotelrestaurant.com\/en\/wp-json\/wp\/v2\/pages\/1085\/revisions"}],"predecessor-version":[{"id":2553,"href":"https:\/\/www.seckinotelrestaurant.com\/en\/wp-json\/wp\/v2\/pages\/1085\/revisions\/2553"}],"wp:attachment":[{"href":"https:\/\/www.seckinotelrestaurant.com\/en\/wp-json\/wp\/v2\/media?parent=1085"}],"curies":[{"name":"wp","href":"https:\/\/api.w.org\/{rel}","templated":true}]}}