{"id":15,"date":"2018-09-03T19:11:29","date_gmt":"2018-09-03T19:11:29","guid":{"rendered":"https:\/\/sunway.freevision.me\/?page_id=15"},"modified":"2026-05-13T07:55:28","modified_gmt":"2026-05-13T07:55:28","slug":"ixdex01","status":"publish","type":"page","link":"https:\/\/www.seckinotelrestaurant.com\/en\/","title":{"rendered":"Home page"},"content":{"rendered":"<div data-vc-full-width=\"true\" data-vc-full-width-init=\"false\" data-vc-stretch-content=\"true\" class=\"vc_row wpb_row vc_row-fluid vc_column-gap-0 vc_row-no-padding vc_row-o-full-height vc_row-o-columns-middle vc_row-flex\"><div class=\"wpb_column vc_column_container vc_col-sm-12\"><div class=\"vc_column-inner\"><div class=\"wpb_wrapper\"><div id=\"top-banner-background-1\" class=\"shortcode-mode\"><div class=\"hero-background-slider\"><div style=\"background:url(https:\/\/www.seckinotelrestaurant.com\/wp-content\/uploads\/2026\/05\/seckin1.jpg)\" data-title=\"K\u00fc\u00e7\u00fckkuyu&#039;da Butik Aile Oteli\" data-subtitle=\"KONFORLU TAT\u0130L\u0130N KEYF\u0130N\u0130 YA\u015eAYIN\" data-link=\"\" data-linktitle=\"\" data-fgcolor=\"#ffffff\"><\/div><\/div><div class=\"hero-background-slider\"><div style=\"background:url(https:\/\/www.seckinotelrestaurant.com\/wp-content\/uploads\/2026\/05\/patidostu.jpg)\" data-title=\"\" data-subtitle=\"\" data-link=\"\" data-linktitle=\"\" data-fgcolor=\"#ffffff\"><\/div><\/div><div class=\"hero-background-slider\"><div style=\"background:url(https:\/\/www.seckinotelrestaurant.com\/wp-content\/uploads\/2026\/05\/sec111.jpg)\" data-title=\"\" data-subtitle=\"\" data-link=\"\" data-linktitle=\"\" data-fgcolor=\"#ffffff\"><\/div><\/div><div class=\"reveal-slider-caption\"><\/div><\/div><\/div><\/div><\/div><\/div><div class=\"vc_row-full-width vc_clearfix\"><\/div><div class=\"vc_row wpb_row vc_row-fluid vc_custom_1542961430859 vc_column-gap-0 vc_row-o-content-middle vc_row-flex\"><div class=\"wpb_column vc_column_container vc_col-sm-6 zero-mobile-padding zero-mobile-margin\"><div class=\"vc_column-inner\"><div class=\"wpb_wrapper\">\n\t<div class=\"wpb_text_column wpb_content_element  vc_custom_1776049106510\" >\n\t\t<div class=\"wpb_wrapper\">\n\t\t\t<h2 style=\"text-align: left;\">Se\u00e7kin Otel Restaurant<\/h2>\n\n\t\t<\/div>\n\t<\/div>\n\n\t<div class=\"wpb_text_column wpb_content_element\" >\n\t\t<div class=\"wpb_wrapper\">\n\t\t\t<p style=\"text-align: justify;\">\u0130\u015fletmemiz 1980 &#8211; 1993 y\u0131llar\u0131 aras\u0131nda Kazda\u011f\u0131 etekleri k\u00fc\u00e7\u00fckkuyu beldesinde denize s\u0131f\u0131r konumlanm\u0131\u015f restaurant i\u015fletmesi olarak hizmet veriyordu artan yo\u011fun talep ve ilgi \u00fczerine 1993 y\u0131l\u0131nda otelimizi hizmete act\u0131k. Kazda\u011f\u0131 Otelleri aras\u0131nda rahat, sessiz, sade, konforlu ve butik tarz\u0131 k\u00fc\u00e7\u00fck bir oteldir. 24 saat a\u00e7\u0131k resepsiyonu ile deniz manzaral\u0131 standart 4 suit, deniz manzaral\u0131 5 \u00e7ift ki\u015filik oda , deniz manzaral\u0131 lux suit 1 oda, deniz manzaral\u0131 lux \u00e7ift ki\u015filik 1 oda olmak \u00fczere toplamda 11 oda 35 yatak kapasitelidir. T\u00fcm odalarda klima, kalorifer, tv, minibar, ve sa\u00e7 kurutma makinesi mevcuttur. , Se\u00e7kin Otel restorant, beach, bar, plaj, decobar ve a la carte mutfa\u011f\u0131 ile hizmet vermektedir.<\/p>\n\n\t\t<\/div>\n\t<\/div>\n<\/div><\/div><\/div><div class=\"wpb_column vc_column_container vc_col-sm-6\"><div class=\"vc_column-inner\"><div class=\"wpb_wrapper\">\n\t<div  class=\"wpb_single_image wpb_content_element vc_align_right\">\n\t\t\n\t\t<figure class=\"wpb_wrapper vc_figure\">\n\t\t\t<div class=\"vc_single_image-wrapper img-wrapper   vc_box_border_grey\"><img width=\"3840\" height=\"2160\" src=\"https:\/\/www.seckinotelrestaurant.com\/wp-content\/uploads\/2026\/05\/Calisma-yuzeyi-1.png\" class=\"vc_single_image-img attachment-full\" alt=\"\" loading=\"lazy\" srcset=\"https:\/\/www.seckinotelrestaurant.com\/wp-content\/uploads\/2026\/05\/Calisma-yuzeyi-1.png 3840w, https:\/\/www.seckinotelrestaurant.com\/wp-content\/uploads\/2026\/05\/Calisma-yuzeyi-1-300x169.png 300w, https:\/\/www.seckinotelrestaurant.com\/wp-content\/uploads\/2026\/05\/Calisma-yuzeyi-1-1024x576.png 1024w, https:\/\/www.seckinotelrestaurant.com\/wp-content\/uploads\/2026\/05\/Calisma-yuzeyi-1-768x432.png 768w, https:\/\/www.seckinotelrestaurant.com\/wp-content\/uploads\/2026\/05\/Calisma-yuzeyi-1-1536x864.png 1536w, https:\/\/www.seckinotelrestaurant.com\/wp-content\/uploads\/2026\/05\/Calisma-yuzeyi-1-2048x1152.png 2048w, https:\/\/www.seckinotelrestaurant.com\/wp-content\/uploads\/2026\/05\/Calisma-yuzeyi-1-18x10.png 18w, https:\/\/www.seckinotelrestaurant.com\/wp-content\/uploads\/2026\/05\/Calisma-yuzeyi-1-1144x644.png 1144w\" sizes=\"(max-width: 3840px) 100vw, 3840px\" \/><\/div>\n\t\t<\/figure>\n\t<\/div>\n<\/div><\/div><\/div><\/div><div data-vc-full-width=\"true\" data-vc-full-width-init=\"false\" class=\"vc_row wpb_row vc_row-fluid vc_custom_1537989181048 vc_row-has-fill vc_column-gap-0\"><div class=\"wpb_column vc_column_container vc_col-sm-12\"><div class=\"vc_column-inner\"><div class=\"wpb_wrapper\"><div class=\"vc_row wpb_row vc_inner vc_row-fluid vc_custom_1537988042258 vc_row-has-fill vc_row-o-content-middle vc_row-flex\"><div class=\"wpb_column vc_column_container vc_col-sm-6\"><div class=\"vc_column-inner vc_custom_1537989443441\"><div class=\"wpb_wrapper\"><h2 style=\"color: #000000;text-align: center\" class=\"vc_custom_heading vc_custom_1778655201684\" >\u00d6zel \u0130skele ile Giri\u015f<\/h2>\n\t<div class=\"wpb_text_column wpb_content_element\" >\n\t\t<div class=\"wpb_wrapper\">\n\t\t\t<p style=\"text-align: justify;\">Sizi, ailenizi ya da sevdiklerinizi, mavinin her tonuyla bulu\u015fturan \u00f6zel iskelemizde, konforu yeniden tan\u0131mlam\u0131n\u0131z\u0131 sa\u011flayacak tatilin tad\u0131n\u0131 sonuna kadar \u00e7\u0131karabilece\u011finiz \u00f6zel bir deneyim ya\u015fayacaks\u0131n\u0131z.<\/p>\n\n\t\t<\/div>\n\t<\/div>\n<\/div><\/div><\/div><div class=\"wpb_column vc_column_container vc_col-sm-6\"><div class=\"vc_column-inner vc_custom_1537987996656\"><div class=\"wpb_wrapper\">\n\t<div  class=\"wpb_single_image wpb_content_element vc_align_center  wpb_animate_when_almost_visible wpb_fadeIn fadeIn vc_custom_1776596192785\">\n\t\t\n\t\t<figure class=\"wpb_wrapper vc_figure\">\n\t\t\t<div class=\"vc_single_image-wrapper img-wrapper   vc_box_border_grey\"><img width=\"1024\" height=\"576\" src=\"https:\/\/www.seckinotelrestaurant.com\/wp-content\/uploads\/2026\/04\/gorsel_2026-04-19_135620063.png\" class=\"vc_single_image-img attachment-full\" alt=\"\" loading=\"lazy\" srcset=\"https:\/\/www.seckinotelrestaurant.com\/wp-content\/uploads\/2026\/04\/gorsel_2026-04-19_135620063.png 1024w, https:\/\/www.seckinotelrestaurant.com\/wp-content\/uploads\/2026\/04\/gorsel_2026-04-19_135620063-300x169.png 300w, https:\/\/www.seckinotelrestaurant.com\/wp-content\/uploads\/2026\/04\/gorsel_2026-04-19_135620063-768x432.png 768w, https:\/\/www.seckinotelrestaurant.com\/wp-content\/uploads\/2026\/04\/gorsel_2026-04-19_135620063-18x10.png 18w\" sizes=\"(max-width: 1024px) 100vw, 1024px\" \/><\/div>\n\t\t<\/figure>\n\t<\/div>\n<\/div><\/div><\/div><\/div><div class=\"vc_row wpb_row vc_inner vc_row-fluid vc_custom_1537988042258 vc_row-has-fill vc_row-o-content-middle vc_row-flex\"><div class=\"wpb_column vc_column_container vc_col-sm-6\"><div class=\"vc_column-inner vc_custom_1537988850850\"><div class=\"wpb_wrapper\">\n\t<div  class=\"wpb_single_image wpb_content_element vc_align_center  wpb_animate_when_almost_visible wpb_fadeIn fadeIn vc_custom_1778534940596\">\n\t\t\n\t\t<figure class=\"wpb_wrapper vc_figure\">\n\t\t\t<div class=\"vc_single_image-wrapper img-wrapper   vc_box_border_grey\"><img width=\"1600\" height=\"900\" src=\"https:\/\/www.seckinotelrestaurant.com\/wp-content\/uploads\/2026\/05\/10.jpeg\" class=\"vc_single_image-img attachment-full\" alt=\"\" loading=\"lazy\" srcset=\"https:\/\/www.seckinotelrestaurant.com\/wp-content\/uploads\/2026\/05\/10.jpeg 1600w, https:\/\/www.seckinotelrestaurant.com\/wp-content\/uploads\/2026\/05\/10-300x169.jpeg 300w, https:\/\/www.seckinotelrestaurant.com\/wp-content\/uploads\/2026\/05\/10-1024x576.jpeg 1024w, https:\/\/www.seckinotelrestaurant.com\/wp-content\/uploads\/2026\/05\/10-768x432.jpeg 768w, https:\/\/www.seckinotelrestaurant.com\/wp-content\/uploads\/2026\/05\/10-1536x864.jpeg 1536w, https:\/\/www.seckinotelrestaurant.com\/wp-content\/uploads\/2026\/05\/10-18x10.jpeg 18w, https:\/\/www.seckinotelrestaurant.com\/wp-content\/uploads\/2026\/05\/10-1144x644.jpeg 1144w\" sizes=\"(max-width: 1600px) 100vw, 1600px\" \/><\/div>\n\t\t<\/figure>\n\t<\/div>\n<\/div><\/div><\/div><div class=\"wpb_column vc_column_container vc_col-sm-6\"><div class=\"vc_column-inner vc_custom_1537989436882\"><div class=\"wpb_wrapper\"><h2 style=\"color: #000000;text-align: center\" class=\"vc_custom_heading vc_custom_1655373934385\" >Restaurant<\/h2>\n\t<div class=\"wpb_text_column wpb_content_element\" >\n\t\t<div class=\"wpb_wrapper\">\n\t\t\t<p style=\"text-align: justify;\">Memo \u015fefin ellerinden a\u011f\u0131rl\u0131kl\u0131 olarak Ege mutfa\u011f\u0131 ve D\u00fcnya mutfa\u011f\u0131 lezzetlerine doyacaks\u0131n\u0131z. \u0130skele \u00fczerindeki restaurant\u0131m\u0131zda her g\u00fcn taze gelen deniz \u00fcr\u00fcnlerinin e\u015fsiz lezzetini tadacaks\u0131n\u0131z.<\/p>\n\n\t\t<\/div>\n\t<\/div>\n<\/div><\/div><\/div><\/div><\/div><\/div><\/div><\/div><div class=\"vc_row-full-width vc_clearfix\"><\/div><div id=\"rooms\" data-vc-full-width=\"true\" data-vc-full-width-init=\"false\" data-vc-stretch-content=\"true\" class=\"vc_row wpb_row vc_row-fluid vc_custom_1655386240859 vc_column-gap-0 vc_row-no-padding\"><div class=\"wpb_column vc_column_container vc_col-sm-12\"><div class=\"vc_column-inner\"><div class=\"wpb_wrapper\"><p style=\"color: #c19b76;text-align: center\" class=\"vc_custom_heading\" >Se\u00e7kin Otel Restaurant<\/p><h2 style=\"text-align: center\" class=\"vc_custom_heading vc_custom_1655374525799\" >Rooms<\/h2><div id=\"ovd-2\" class=\"ozy-vertical_divider wpb_content_element\"><span class=\"h6-size heading-font\"><\/span><\/div><div id=\"hero-post-slides-3\" class=\"hero-post-slides\">\t<div class=\"slides-cont\">\t\t<div class=\"slides wpb_content_element carousel\" data-flickity='{\"groupCells\": \"80%\", \"pageDots\": false, \"imagesLoaded\": true,  \"autoPlay\": false, \"pauseAutoPlayOnHover\": true, \"prevNextButtons\": true, \"cellAlign\": \"center\" }'><div class=\"slide carousel-cell\" style=\"background-image: url(data:image\/png;base64,R0lGODlhAQABAAD\/ACwAAAAAAQABAAACADs=);\" data-bgsrc=\"https:\/\/www.seckinotelrestaurant.com\/wp-content\/uploads\/2017\/05\/gorsel_2026-04-19_142208891.png\">\t<div class=\"number\">01<\/div>\t<div class=\"body\">\t\t<div class=\"location\">Se\u00e7kin Otel Restaurant<\/div>\t\t<div class=\"headline heading-font-family\">Suit<\/div>\t\t<a href=\"https:\/\/www.seckinotelrestaurant.com\/en\/accommodation\/suit\/\" target=\"_self\"><span class=\"link ozy-button auto\">View More<\/span><\/a>\t<\/div><\/div><div class=\"slide carousel-cell\" style=\"background-image: url(data:image\/png;base64,R0lGODlhAQABAAD\/ACwAAAAAAQABAAACADs=);\" data-bgsrc=\"https:\/\/www.seckinotelrestaurant.com\/wp-content\/uploads\/2017\/05\/gorsel_2026-04-19_140920212.png\">\t<div class=\"number\">02<\/div>\t<div class=\"body\">\t\t<div class=\"location\">Se\u00e7kin Otel Restaurant<\/div>\t\t<div class=\"headline heading-font-family\">Lux Suit<\/div>\t\t<a href=\"https:\/\/www.seckinotelrestaurant.com\/en\/accommodation\/lux-suit\/\" target=\"_self\"><span class=\"link ozy-button auto\">View More<\/span><\/a>\t<\/div><\/div><div class=\"slide carousel-cell\" style=\"background-image: url(data:image\/png;base64,R0lGODlhAQABAAD\/ACwAAAAAAQABAAACADs=);\" data-bgsrc=\"https:\/\/www.seckinotelrestaurant.com\/wp-content\/uploads\/2018\/05\/gorsel_2026-04-19_140522326.png\">\t<div class=\"number\">03<\/div>\t<div class=\"body\">\t\t<div class=\"location\">Se\u00e7kin Otel Restaurant<\/div>\t\t<div class=\"headline heading-font-family\">\u00c7ift Ki\u015filik<\/div>\t\t<a href=\"https:\/\/www.seckinotelrestaurant.com\/en\/accommodation\/cift-kisilik\/\" target=\"_self\"><span class=\"link ozy-button auto\">View More<\/span><\/a>\t<\/div><\/div><div class=\"slide carousel-cell\" style=\"background-image: url(data:image\/png;base64,R0lGODlhAQABAAD\/ACwAAAAAAQABAAACADs=);\" data-bgsrc=\"https:\/\/www.seckinotelrestaurant.com\/wp-content\/uploads\/2026\/04\/gorsel_2026-04-19_142313409.png\">\t<div class=\"number\">04<\/div>\t<div class=\"body\">\t\t<div class=\"location\">Se\u00e7kin Otel Restaurant<\/div>\t\t<div class=\"headline heading-font-family\">Lux Suit \u00c7ift Ki\u015filik<\/div>\t\t<a href=\"https:\/\/www.seckinotelrestaurant.com\/en\/accommodation\/lux-suit-cift-kisilik\/\" target=\"_self\"><span class=\"link ozy-button auto\">View More<\/span><\/a>\t<\/div><\/div>\t\t<\/div>\t<\/div><\/div><\/div><\/div><\/div><\/div><div class=\"vc_row-full-width vc_clearfix\"><\/div>","protected":false},"excerpt":{"rendered":"Yatak Say\u0131s\u0131 : 1 double yatak Kapasite : 2 yeti\u015fkin B\u00fcy\u00fckl\u00fck : 50 m\u00b2 Oda Bilgisi Odalar\u0131m\u0131z en \u00f6ndeki odalard\u0131r, balkonlar\u0131 di\u011fer odalar\u0131m\u0131za g\u00f6re daha b\u00fcy\u00fckt\u00fcr(30 m\u00b2).","protected":false},"author":1,"featured_media":0,"parent":0,"menu_order":0,"comment_status":"closed","ping_status":"closed","template":"page-transparent-menu.php","meta":[],"yoast_head":"<!-- This site is optimized with the Yoast SEO plugin v19.1 - https:\/\/yoast.com\/wordpress\/plugins\/seo\/ -->\n<title>Se\u00e7kin Otel Restaurant - K\u00fc\u00e7\u00fckkuyu&#039;da Pati Dostu Butik Otel<\/title>\n<meta name=\"description\" content=\"Otelimiz denize s\u0131f\u0131r olup, t\u00fcm odalar\u0131m\u0131z deniz manzaral\u0131d\u0131r. K\u00fc\u00e7\u00fckkuyu&#039;da otel ve restaurant denilince Pati Dostu olarak Se\u00e7kin akla gelir.\" \/>\n<meta name=\"robots\" content=\"index, follow, max-snippet:-1, max-image-preview:large, max-video-preview:-1\" \/>\n<link rel=\"canonical\" href=\"https:\/\/www.seckinotelrestaurant.com\/en\/\" \/>\n<meta property=\"og:locale\" content=\"en_US\" \/>\n<meta property=\"og:type\" content=\"article\" \/>\n<meta property=\"og:title\" content=\"Se\u00e7kin Otel Restaurant - K\u00fc\u00e7\u00fckkuyu&#039;da Pati Dostu Butik Otel\" \/>\n<meta property=\"og:description\" content=\"Otelimiz denize s\u0131f\u0131r olup, t\u00fcm odalar\u0131m\u0131z deniz manzaral\u0131d\u0131r. K\u00fc\u00e7\u00fckkuyu&#039;da otel ve restaurant denilince Pati Dostu olarak Se\u00e7kin akla gelir.\" \/>\n<meta property=\"og:url\" content=\"https:\/\/www.seckinotelrestaurant.com\/en\/\" \/>\n<meta property=\"og:site_name\" content=\"Se\u00e7kin Otel Restaurant\" \/>\n<meta property=\"article:publisher\" content=\"https:\/\/www.facebook.com\/seckinotel\" \/>\n<meta property=\"article:modified_time\" content=\"2026-05-13T07:55:28+00:00\" \/>\n<meta name=\"twitter:card\" content=\"summary_large_image\" \/>\n<meta name=\"twitter:label1\" content=\"Est. reading time\" \/>\n\t<meta name=\"twitter:data1\" content=\"3 minutes\" \/>\n<script type=\"application\/ld+json\" class=\"yoast-schema-graph\">{\"@context\":\"https:\/\/schema.org\",\"@graph\":[{\"@type\":\"Organization\",\"@id\":\"https:\/\/1.seckinotelrestaurant.com\/#organization\",\"name\":\"Se\u00e7kin Otel Restaurant\",\"url\":\"https:\/\/1.seckinotelrestaurant.com\/\",\"sameAs\":[\"https:\/\/www.instagram.com\/seckinotel\",\"https:\/\/www.facebook.com\/seckinotel\"],\"logo\":{\"@type\":\"ImageObject\",\"inLanguage\":\"en-US\",\"@id\":\"https:\/\/1.seckinotelrestaurant.com\/#\/schema\/logo\/image\/\",\"url\":\"https:\/\/www.seckinotelrestaurant.com\/wp-content\/uploads\/2026\/04\/seckinlogo-1.png\",\"contentUrl\":\"https:\/\/www.seckinotelrestaurant.com\/wp-content\/uploads\/2026\/04\/seckinlogo-1.png\",\"width\":100,\"height\":100,\"caption\":\"Se\u00e7kin Otel Restaurant\"},\"image\":{\"@id\":\"https:\/\/1.seckinotelrestaurant.com\/#\/schema\/logo\/image\/\"}},{\"@type\":\"WebSite\",\"@id\":\"https:\/\/1.seckinotelrestaurant.com\/#website\",\"url\":\"https:\/\/1.seckinotelrestaurant.com\/\",\"name\":\"Se\u00e7kin Otel Restaurant\",\"description\":\"K\u00fc\u00e7\u00fckkuyu Pati Dostu Butik Otel\",\"publisher\":{\"@id\":\"https:\/\/1.seckinotelrestaurant.com\/#organization\"},\"potentialAction\":[{\"@type\":\"SearchAction\",\"target\":{\"@type\":\"EntryPoint\",\"urlTemplate\":\"https:\/\/1.seckinotelrestaurant.com\/?s={search_term_string}\"},\"query-input\":\"required name=search_term_string\"}],\"inLanguage\":\"en-US\"},{\"@type\":\"WebPage\",\"@id\":\"https:\/\/www.seckinotelrestaurant.com\/#webpage\",\"url\":\"https:\/\/www.seckinotelrestaurant.com\/\",\"name\":\"Se\u00e7kin Otel Restaurant - K\u00fc\u00e7\u00fckkuyu'da Pati Dostu Butik Otel\",\"isPartOf\":{\"@id\":\"https:\/\/1.seckinotelrestaurant.com\/#website\"},\"datePublished\":\"2018-09-03T19:11:29+00:00\",\"dateModified\":\"2026-05-13T07:55:28+00:00\",\"description\":\"Otelimiz denize s\u0131f\u0131r olup, t\u00fcm odalar\u0131m\u0131z deniz manzaral\u0131d\u0131r. K\u00fc\u00e7\u00fckkuyu'da otel ve restaurant denilince Pati Dostu olarak Se\u00e7kin akla gelir.\",\"breadcrumb\":{\"@id\":\"https:\/\/www.seckinotelrestaurant.com\/#breadcrumb\"},\"inLanguage\":\"en-US\",\"potentialAction\":[{\"@type\":\"ReadAction\",\"target\":[\"https:\/\/www.seckinotelrestaurant.com\/\"]}]},{\"@type\":\"BreadcrumbList\",\"@id\":\"https:\/\/www.seckinotelrestaurant.com\/#breadcrumb\",\"itemListElement\":[{\"@type\":\"ListItem\",\"position\":1,\"name\":\"Anasayfa\",\"item\":\"https:\/\/www.seckinotelrestaurant.com\/\"},{\"@type\":\"ListItem\",\"position\":2,\"name\":\"Ana Sayfa\"}]}]}<\/script>\n<!-- \/ Yoast SEO plugin. -->","yoast_head_json":{"title":"Se\u00e7kin Otel Restaurant - K\u00fc\u00e7\u00fckkuyu'da Pati Dostu Butik Otel","description":"Otelimiz denize s\u0131f\u0131r olup, t\u00fcm odalar\u0131m\u0131z deniz manzaral\u0131d\u0131r. K\u00fc\u00e7\u00fckkuyu'da otel ve restaurant denilince Pati Dostu olarak Se\u00e7kin akla gelir.","robots":{"index":"index","follow":"follow","max-snippet":"max-snippet:-1","max-image-preview":"max-image-preview:large","max-video-preview":"max-video-preview:-1"},"canonical":"https:\/\/www.seckinotelrestaurant.com\/en\/","og_locale":"en_US","og_type":"article","og_title":"Se\u00e7kin Otel Restaurant - K\u00fc\u00e7\u00fckkuyu'da Pati Dostu Butik Otel","og_description":"Otelimiz denize s\u0131f\u0131r olup, t\u00fcm odalar\u0131m\u0131z deniz manzaral\u0131d\u0131r. K\u00fc\u00e7\u00fckkuyu'da otel ve restaurant denilince Pati Dostu olarak Se\u00e7kin akla gelir.","og_url":"https:\/\/www.seckinotelrestaurant.com\/en\/","og_site_name":"Se\u00e7kin Otel Restaurant","article_publisher":"https:\/\/www.facebook.com\/seckinotel","article_modified_time":"2026-05-13T07:55:28+00:00","twitter_card":"summary_large_image","twitter_misc":{"Est. reading time":"3 minutes"},"schema":{"@context":"https:\/\/schema.org","@graph":[{"@type":"Organization","@id":"https:\/\/1.seckinotelrestaurant.com\/#organization","name":"Se\u00e7kin Otel Restaurant","url":"https:\/\/1.seckinotelrestaurant.com\/","sameAs":["https:\/\/www.instagram.com\/seckinotel","https:\/\/www.facebook.com\/seckinotel"],"logo":{"@type":"ImageObject","inLanguage":"en-US","@id":"https:\/\/1.seckinotelrestaurant.com\/#\/schema\/logo\/image\/","url":"https:\/\/www.seckinotelrestaurant.com\/wp-content\/uploads\/2026\/04\/seckinlogo-1.png","contentUrl":"https:\/\/www.seckinotelrestaurant.com\/wp-content\/uploads\/2026\/04\/seckinlogo-1.png","width":100,"height":100,"caption":"Se\u00e7kin Otel Restaurant"},"image":{"@id":"https:\/\/1.seckinotelrestaurant.com\/#\/schema\/logo\/image\/"}},{"@type":"WebSite","@id":"https:\/\/1.seckinotelrestaurant.com\/#website","url":"https:\/\/1.seckinotelrestaurant.com\/","name":"Se\u00e7kin Otel Restaurant","description":"K\u00fc\u00e7\u00fckkuyu Pati Dostu Butik Otel","publisher":{"@id":"https:\/\/1.seckinotelrestaurant.com\/#organization"},"potentialAction":[{"@type":"SearchAction","target":{"@type":"EntryPoint","urlTemplate":"https:\/\/1.seckinotelrestaurant.com\/?s={search_term_string}"},"query-input":"required name=search_term_string"}],"inLanguage":"en-US"},{"@type":"WebPage","@id":"https:\/\/www.seckinotelrestaurant.com\/#webpage","url":"https:\/\/www.seckinotelrestaurant.com\/","name":"Se\u00e7kin Otel Restaurant - K\u00fc\u00e7\u00fckkuyu'da Pati Dostu Butik Otel","isPartOf":{"@id":"https:\/\/1.seckinotelrestaurant.com\/#website"},"datePublished":"2018-09-03T19:11:29+00:00","dateModified":"2026-05-13T07:55:28+00:00","description":"Otelimiz denize s\u0131f\u0131r olup, t\u00fcm odalar\u0131m\u0131z deniz manzaral\u0131d\u0131r. K\u00fc\u00e7\u00fckkuyu'da otel ve restaurant denilince Pati Dostu olarak Se\u00e7kin akla gelir.","breadcrumb":{"@id":"https:\/\/www.seckinotelrestaurant.com\/#breadcrumb"},"inLanguage":"en-US","potentialAction":[{"@type":"ReadAction","target":["https:\/\/www.seckinotelrestaurant.com\/"]}]},{"@type":"BreadcrumbList","@id":"https:\/\/www.seckinotelrestaurant.com\/#breadcrumb","itemListElement":[{"@type":"ListItem","position":1,"name":"Anasayfa","item":"https:\/\/www.seckinotelrestaurant.com\/"},{"@type":"ListItem","position":2,"name":"Ana Sayfa"}]}]}},"_links":{"self":[{"href":"https:\/\/www.seckinotelrestaurant.com\/en\/wp-json\/wp\/v2\/pages\/15"}],"collection":[{"href":"https:\/\/www.seckinotelrestaurant.com\/en\/wp-json\/wp\/v2\/pages"}],"about":[{"href":"https:\/\/www.seckinotelrestaurant.com\/en\/wp-json\/wp\/v2\/types\/page"}],"author":[{"embeddable":true,"href":"https:\/\/www.seckinotelrestaurant.com\/en\/wp-json\/wp\/v2\/users\/1"}],"replies":[{"embeddable":true,"href":"https:\/\/www.seckinotelrestaurant.com\/en\/wp-json\/wp\/v2\/comments?post=15"}],"version-history":[{"count":68,"href":"https:\/\/www.seckinotelrestaurant.com\/en\/wp-json\/wp\/v2\/pages\/15\/revisions"}],"predecessor-version":[{"id":2568,"href":"https:\/\/www.seckinotelrestaurant.com\/en\/wp-json\/wp\/v2\/pages\/15\/revisions\/2568"}],"wp:attachment":[{"href":"https:\/\/www.seckinotelrestaurant.com\/en\/wp-json\/wp\/v2\/media?parent=15"}],"curies":[{"name":"wp","href":"https:\/\/api.w.org\/{rel}","templated":true}]}}