{"id":729,"date":"2018-10-03T18:47:43","date_gmt":"2018-10-03T18:47:43","guid":{"rendered":"https:\/\/sunway.freevision.me\/?page_id=729"},"modified":"2026-04-20T17:45:35","modified_gmt":"2026-04-20T17:45:35","slug":"iletisim","status":"publish","type":"page","link":"https:\/\/www.seckinotelrestaurant.com\/en\/iletisim\/","title":{"rendered":"Communication"},"content":{"rendered":"<div data-vc-full-width=\"true\" data-vc-full-width-init=\"false\" class=\"vc_row wpb_row vc_row-fluid vc_custom_1655393107200 vc_column-gap-0 vc_row-o-full-height vc_row-o-columns-middle vc_row-flex zero-mobile-margin hide-this-row-desktop\"><div class=\"wpb_column vc_column_container vc_col-sm-12 vc_hidden-lg vc_hidden-md\"><div class=\"vc_column-inner vc_custom_1542133024582\"><div class=\"wpb_wrapper\"><h2 style=\"color: #ffffff;text-align: center\" class=\"vc_custom_heading\" >Contact information<\/h2><div class=\"vc_empty_space\"   style=\"height: 50px\"><span class=\"vc_empty_space_inner\"><\/span><\/div><div id=\"tile-with-icon_icon1\" class=\"title-with-icon-wrapper clear small\" data-color=\"\"  style=\"\">\n\t\t\t<div class=\"wpb_content_element title-with-icon clearfix margin-bottom-0\"><h5 style=\"color:#000000\">Se\u00e7kin Otel Restaurant<\/h5>\n\t\t\t<\/div><div class=\"wpb_content_element left-cs title-with-icon-content small clearfix\" style=\"color:#000000\">M\u0131hl\u0131 Mahallesi, \u0130zmir \u00c7anakkale YoluNo:114, 17980<br \/>\nK\u00fc\u00e7\u00fckkuyu\/Ayvac\u0131k\/\u00c7anakkale<\/div><\/div><div id=\"tile-with-icon_icon2\" class=\"title-with-icon-wrapper clear small\" data-color=\"\"  style=\"\">\n\t\t\t<div class=\"wpb_content_element title-with-icon clearfix margin-bottom-0\"><span  style=\"color:#000000 !important;background-color: !important;\" class=\"oic-email-mail-streamline clear small\" ><\/span><h5 style=\"color:#000000\">Email<\/h5>\n\t\t\t<\/div><div class=\"wpb_content_element left-cs title-with-icon-content small clearfix\" style=\"color:#000000\"><a href=\"mailto:info@seckinotelrestaurant.com\"><b>info@seckinotelrestaurant.com<\/b><\/a><\/div><\/div><div id=\"tile-with-icon_icon3\" class=\"title-with-icon-wrapper clear small\" data-color=\"\"  style=\"\">\n\t\t\t<div class=\"wpb_content_element title-with-icon clearfix margin-bottom-0\"><span  style=\"color:#000000 !important;background-color: !important;\" class=\"oic-telephone clear small\" ><\/span><h5 style=\"color:#000000\">Telephone<\/h5>\n\t\t\t<\/div><div class=\"wpb_content_element left-cs title-with-icon-content small clearfix\" style=\"color:#000000\"><a class=\"value\" href=\"tel:0 507 821 10 01\"><b>0 507 821 10 01<\/b><\/a><\/div><\/div><div class=\"vc_separator wpb_content_element vc_separator_align_center vc_sep_width_100 vc_sep_pos_align_center vc_separator_no_text vc_sep_color_grey\" ><span class=\"vc_sep_holder vc_sep_holder_l\"><span  class=\"vc_sep_line\"><\/span><\/span><span class=\"vc_sep_holder vc_sep_holder_r\"><span  class=\"vc_sep_line\"><\/span><\/span>\n<\/div><\/div><\/div><\/div><\/div><div class=\"vc_row-full-width vc_clearfix\"><\/div><div data-vc-full-width=\"true\" data-vc-full-width-init=\"false\" class=\"vc_row wpb_row vc_row-fluid vc_custom_1655393122524 vc_column-gap-0 vc_row-o-full-height vc_row-o-columns-middle vc_row-flex has-kenburns vc_row-has-fill hide-this-row-mobile\"><div class=\"smoothslides-error\">Kenburns slider requires at least 3 images to get work.<\/div><div class=\"wpb_column vc_column_container vc_col-sm-12 vc_hidden-sm vc_hidden-xs\"><div class=\"vc_column-inner vc_custom_1541421443531\"><div class=\"wpb_wrapper\"><h2 style=\"color: #ffffff;text-align: center\" class=\"vc_custom_heading\" >Contact information<\/h2><div class=\"vc_empty_space\"   style=\"height: 50px\"><span class=\"vc_empty_space_inner\"><\/span><\/div><div class=\"vc_row wpb_row vc_inner vc_row-fluid vc_custom_1538596728912 vc_row-has-fill\"><div class=\"wpb_column vc_column_container vc_col-sm-4 vc_hidden-sm vc_hidden-xs\"><div class=\"vc_column-inner vc_custom_1541421615729\"><div class=\"wpb_wrapper\"><div id=\"tile-with-icon_icon4\" class=\"title-with-icon-wrapper clear small\" data-color=\"\"  style=\"\">\n\t\t\t<div class=\"wpb_content_element title-with-icon clearfix margin-bottom-0\"><h5 style=\"color:#000000\">Se\u00e7kin Otel Restaurant<\/h5>\n\t\t\t<\/div><div class=\"wpb_content_element left-cs title-with-icon-content small clearfix\" style=\"color:#000000\">M\u0131hl\u0131 Mahallesi, \u0130zmir \u00c7anakkale Yolu No:114, 17980<br \/>\nK\u00fc\u00e7\u00fckkuyu\/Ayvac\u0131k\/\u00c7anakkale<\/div><\/div><div class=\"vc_separator wpb_content_element vc_separator_align_center vc_sep_width_100 vc_sep_pos_align_center vc_separator_no_text vc_sep_color_grey\" ><span class=\"vc_sep_holder vc_sep_holder_l\"><span  class=\"vc_sep_line\"><\/span><\/span><span class=\"vc_sep_holder vc_sep_holder_r\"><span  class=\"vc_sep_line\"><\/span><\/span>\n<\/div><div id=\"tile-with-icon_icon5\" class=\"title-with-icon-wrapper clear small\" data-color=\"\"  style=\"\">\n\t\t\t<div class=\"wpb_content_element title-with-icon clearfix margin-bottom-0\"><span  style=\"color:#000000 !important;background-color: !important;\" class=\"oic-email-mail-streamline clear small\" ><\/span><h5 style=\"color:#000000\">Email<\/h5>\n\t\t\t<\/div><div class=\"wpb_content_element left-cs title-with-icon-content small clearfix\" style=\"color:#000000\"><a href=\"mailto:info@seckinotelrestaurant.com\"><b>info@seckinotelrestaurant.com<\/b><\/a><\/div><\/div><div class=\"vc_separator wpb_content_element vc_separator_align_center vc_sep_width_100 vc_sep_pos_align_center vc_separator_no_text vc_sep_color_grey\" ><span class=\"vc_sep_holder vc_sep_holder_l\"><span  class=\"vc_sep_line\"><\/span><\/span><span class=\"vc_sep_holder vc_sep_holder_r\"><span  class=\"vc_sep_line\"><\/span><\/span>\n<\/div><div id=\"tile-with-icon_icon6\" class=\"title-with-icon-wrapper clear small\" data-color=\"\"  style=\"\">\n\t\t\t<div class=\"wpb_content_element title-with-icon clearfix margin-bottom-0\"><span  style=\"color:#000000 !important;background-color: !important;\" class=\"oic-telephone clear small\" ><\/span><h5 style=\"color:#000000\">Telephone<\/h5>\n\t\t\t<\/div><div class=\"wpb_content_element left-cs title-with-icon-content small clearfix\" style=\"color:#000000\"><a class=\"value\" href=\"tel:0 507 821 10 01\"><b>0 507 821 10 01<\/b><\/a><\/div><\/div><\/div><\/div><\/div><div class=\"wpb_column vc_column_container vc_col-sm-8 vc_hidden-sm vc_hidden-xs\"><div class=\"vc_column-inner vc_custom_1541421628918\"><div class=\"wpb_wrapper\"><div role=\"form\" class=\"wpcf7\" id=\"wpcf7-f2069-o1\" lang=\"tr-TR\" dir=\"ltr\">\n<div class=\"screen-reader-response\"><p role=\"status\" aria-live=\"polite\" aria-atomic=\"true\"><\/p> <ul><\/ul><\/div>\n<form action=\"\/en\/wp-json\/wp\/v2\/pages\/729#wpcf7-f2069-o1\" method=\"post\" class=\"wpcf7-form init\" novalidate=\"novalidate\" data-status=\"init\" data-trp-original-action=\"\/en\/wp-json\/wp\/v2\/pages\/729#wpcf7-f2069-o1\">\n<div style=\"display: none;\">\n<input type=\"hidden\" name=\"_wpcf7\" value=\"2069\" \/>\n<input type=\"hidden\" name=\"_wpcf7_version\" value=\"5.6\" \/>\n<input type=\"hidden\" name=\"_wpcf7_locale\" value=\"tr_TR\" \/>\n<input type=\"hidden\" name=\"_wpcf7_unit_tag\" value=\"wpcf7-f2069-o1\" \/>\n<input type=\"hidden\" name=\"_wpcf7_container_post\" value=\"0\" \/>\n<input type=\"hidden\" name=\"_wpcf7_posted_data_hash\" value=\"\" \/>\n<\/div>\n<p><label> Your name<br \/>\n    <span class=\"wpcf7-form-control-wrap\" data-name=\"your-name\"><input type=\"text\" name=\"your-name\" value=\"\" size=\"40\" class=\"wpcf7-form-control wpcf7-text wpcf7-validates-as-required\" aria-required=\"true\" aria-invalid=\"false\" \/><\/span> <\/label><\/p>\n<p><label> Telephone<br \/>\n    <span class=\"wpcf7-form-control-wrap\" data-name=\"tel-31\"><input type=\"tel\" name=\"tel-31\" value=\"\" size=\"40\" class=\"wpcf7-form-control wpcf7-text wpcf7-tel wpcf7-validates-as-required wpcf7-validates-as-tel\" aria-required=\"true\" aria-invalid=\"false\" \/><\/span> <\/label><\/p>\n<p><label> Subject<br \/>\n    <span class=\"wpcf7-form-control-wrap\" data-name=\"your-subject\"><input type=\"text\" name=\"your-subject\" value=\"\" size=\"40\" class=\"wpcf7-form-control wpcf7-text wpcf7-validates-as-required\" aria-required=\"true\" aria-invalid=\"false\" \/><\/span> <\/label><\/p>\n<p><label> your message<br \/>\n    <span class=\"wpcf7-form-control-wrap\" data-name=\"your-message\"><textarea name=\"your-message\" cols=\"40\" rows=\"10\" class=\"wpcf7-form-control wpcf7-textarea wpcf7-validates-as-required\" aria-required=\"true\" aria-invalid=\"false\"><\/textarea><\/span> <\/label><\/p>\n<p><input type=\"submit\" value=\"Send\" class=\"wpcf7-form-control has-spinner wpcf7-submit\" \/><\/p>\n<div class=\"wpcf7-response-output\" aria-hidden=\"true\"><\/div><input type=\"hidden\" name=\"trp-form-language\" value=\"en\"\/><\/form><\/div><\/div><\/div><\/div><\/div><\/div><\/div><\/div><\/div><div class=\"vc_row-full-width vc_clearfix\"><\/div><div data-vc-full-width=\"true\" data-vc-full-width-init=\"false\" data-vc-stretch-content=\"true\" class=\"vc_row wpb_row vc_row-fluid vc_custom_1541421562424 vc_column-gap-0 vc_row-no-padding zero-mobile-padding zero-mobile-margin\"><div class=\"wpb_column vc_column_container vc_col-sm-12\"><div class=\"vc_column-inner vc_custom_1538596828009\"><div class=\"wpb_wrapper\"><div class=\"wpb_gmaps_widget wpb_content_element\"><div class=\"wpb_wrapper\"><div class=\"wpb_map_wraper\"><iframe src=\"https:\/\/www.google.com\/maps\/embed?pb=!1m18!1m12!1m3!1d2843.8771185278174!2d26.6471716!3d39.5552366!2m3!1f0!2f0!3f0!3m2!1i1024!2i768!4f13.1!3m3!1m2!1s0x14b09051654baf77%3A0xdf0f3fab15877ebc!2sSe%C3%A7kin%20Otel%20%26%20Restaurant!5e1!3m2!1str!2str!4v1776598170975!5m2!1str!2str\" width=\"600\" height=\"450\" style=\"border:0;\" allowfullscreen=\"\" loading=\"lazy\" referrerpolicy=\"no-referrer-when-downgrade\"><\/iframe><\/div><\/div><\/div><\/div><\/div><\/div><\/div><div class=\"vc_row-full-width vc_clearfix\"><\/div>","protected":false},"excerpt":{"rendered":"\u0130leti\u015fim Bilgileri Se\u00e7kin Otel Restaurant M\u0131hl\u0131 Mahallesi, \u0130zmir \u00c7anakkale YoluNo:114, 17980 K\u00fc\u00e7\u00fckkuyu\/Ayvac\u0131k\/\u00c7anakkale Eposta info@seckinotelrestaurant.com Telefon 0 507 821 10 01 Kenburns slider requires at least 3 images to get work.\u0130leti\u015fim [...]","protected":false},"author":1,"featured_media":0,"parent":0,"menu_order":0,"comment_status":"closed","ping_status":"closed","template":"page-transparent-menu.php","meta":[],"yoast_head":"<!-- This site is optimized with the Yoast SEO plugin v19.1 - https:\/\/yoast.com\/wordpress\/plugins\/seo\/ -->\n<title>\u0130leti\u015fim - Se\u00e7kin Otel Restaurant<\/title>\n<meta name=\"robots\" content=\"index, follow, max-snippet:-1, max-image-preview:large, max-video-preview:-1\" \/>\n<link rel=\"canonical\" href=\"https:\/\/1.seckinotelrestaurant.com\/iletisim\/\" \/>\n<meta property=\"og:locale\" content=\"en_US\" \/>\n<meta property=\"og:type\" content=\"article\" \/>\n<meta property=\"og:title\" content=\"\u0130leti\u015fim - Se\u00e7kin Otel Restaurant\" \/>\n<meta property=\"og:url\" content=\"https:\/\/1.seckinotelrestaurant.com\/iletisim\/\" \/>\n<meta property=\"og:site_name\" content=\"Se\u00e7kin Otel Restaurant\" \/>\n<meta property=\"article:publisher\" content=\"https:\/\/www.facebook.com\/seckinotel\" \/>\n<meta property=\"article:modified_time\" content=\"2026-04-20T17:45:35+00:00\" \/>\n<meta name=\"twitter:card\" content=\"summary_large_image\" \/>\n<meta name=\"twitter:label1\" content=\"Est. reading time\" \/>\n\t<meta name=\"twitter:data1\" content=\"2 minutes\" \/>\n<script type=\"application\/ld+json\" class=\"yoast-schema-graph\">{\"@context\":\"https:\/\/schema.org\",\"@graph\":[{\"@type\":\"Organization\",\"@id\":\"https:\/\/1.seckinotelrestaurant.com\/#organization\",\"name\":\"Se\u00e7kin Otel Restaurant\",\"url\":\"https:\/\/1.seckinotelrestaurant.com\/\",\"sameAs\":[\"https:\/\/www.instagram.com\/seckinotel\",\"https:\/\/www.facebook.com\/seckinotel\"],\"logo\":{\"@type\":\"ImageObject\",\"inLanguage\":\"en-US\",\"@id\":\"https:\/\/1.seckinotelrestaurant.com\/#\/schema\/logo\/image\/\",\"url\":\"https:\/\/www.seckinotelrestaurant.com\/wp-content\/uploads\/2026\/04\/seckinlogo-1.png\",\"contentUrl\":\"https:\/\/www.seckinotelrestaurant.com\/wp-content\/uploads\/2026\/04\/seckinlogo-1.png\",\"width\":100,\"height\":100,\"caption\":\"Se\u00e7kin Otel Restaurant\"},\"image\":{\"@id\":\"https:\/\/1.seckinotelrestaurant.com\/#\/schema\/logo\/image\/\"}},{\"@type\":\"WebSite\",\"@id\":\"https:\/\/1.seckinotelrestaurant.com\/#website\",\"url\":\"https:\/\/1.seckinotelrestaurant.com\/\",\"name\":\"Se\u00e7kin Otel Restaurant\",\"description\":\"K\u00fc\u00e7\u00fckkuyu Pati Dostu Butik Otel\",\"publisher\":{\"@id\":\"https:\/\/1.seckinotelrestaurant.com\/#organization\"},\"potentialAction\":[{\"@type\":\"SearchAction\",\"target\":{\"@type\":\"EntryPoint\",\"urlTemplate\":\"https:\/\/1.seckinotelrestaurant.com\/?s={search_term_string}\"},\"query-input\":\"required name=search_term_string\"}],\"inLanguage\":\"en-US\"},{\"@type\":\"WebPage\",\"@id\":\"https:\/\/1.seckinotelrestaurant.com\/iletisim\/#webpage\",\"url\":\"https:\/\/1.seckinotelrestaurant.com\/iletisim\/\",\"name\":\"\u0130leti\u015fim - Se\u00e7kin Otel Restaurant\",\"isPartOf\":{\"@id\":\"https:\/\/1.seckinotelrestaurant.com\/#website\"},\"datePublished\":\"2018-10-03T18:47:43+00:00\",\"dateModified\":\"2026-04-20T17:45:35+00:00\",\"breadcrumb\":{\"@id\":\"https:\/\/1.seckinotelrestaurant.com\/iletisim\/#breadcrumb\"},\"inLanguage\":\"en-US\",\"potentialAction\":[{\"@type\":\"ReadAction\",\"target\":[\"https:\/\/1.seckinotelrestaurant.com\/iletisim\/\"]}]},{\"@type\":\"BreadcrumbList\",\"@id\":\"https:\/\/1.seckinotelrestaurant.com\/iletisim\/#breadcrumb\",\"itemListElement\":[{\"@type\":\"ListItem\",\"position\":1,\"name\":\"Anasayfa\",\"item\":\"https:\/\/www.seckinotelrestaurant.com\/\"},{\"@type\":\"ListItem\",\"position\":2,\"name\":\"\u0130leti\u015fim\"}]}]}<\/script>\n<!-- \/ Yoast SEO plugin. -->","yoast_head_json":{"title":"\u0130leti\u015fim - Se\u00e7kin Otel Restaurant","robots":{"index":"index","follow":"follow","max-snippet":"max-snippet:-1","max-image-preview":"max-image-preview:large","max-video-preview":"max-video-preview:-1"},"canonical":"https:\/\/1.seckinotelrestaurant.com\/iletisim\/","og_locale":"en_US","og_type":"article","og_title":"\u0130leti\u015fim - Se\u00e7kin Otel Restaurant","og_url":"https:\/\/1.seckinotelrestaurant.com\/iletisim\/","og_site_name":"Se\u00e7kin Otel Restaurant","article_publisher":"https:\/\/www.facebook.com\/seckinotel","article_modified_time":"2026-04-20T17:45:35+00:00","twitter_card":"summary_large_image","twitter_misc":{"Est. reading time":"2 minutes"},"schema":{"@context":"https:\/\/schema.org","@graph":[{"@type":"Organization","@id":"https:\/\/1.seckinotelrestaurant.com\/#organization","name":"Se\u00e7kin Otel Restaurant","url":"https:\/\/1.seckinotelrestaurant.com\/","sameAs":["https:\/\/www.instagram.com\/seckinotel","https:\/\/www.facebook.com\/seckinotel"],"logo":{"@type":"ImageObject","inLanguage":"en-US","@id":"https:\/\/1.seckinotelrestaurant.com\/#\/schema\/logo\/image\/","url":"https:\/\/www.seckinotelrestaurant.com\/wp-content\/uploads\/2026\/04\/seckinlogo-1.png","contentUrl":"https:\/\/www.seckinotelrestaurant.com\/wp-content\/uploads\/2026\/04\/seckinlogo-1.png","width":100,"height":100,"caption":"Se\u00e7kin Otel Restaurant"},"image":{"@id":"https:\/\/1.seckinotelrestaurant.com\/#\/schema\/logo\/image\/"}},{"@type":"WebSite","@id":"https:\/\/1.seckinotelrestaurant.com\/#website","url":"https:\/\/1.seckinotelrestaurant.com\/","name":"Se\u00e7kin Otel Restaurant","description":"K\u00fc\u00e7\u00fckkuyu Pati Dostu Butik Otel","publisher":{"@id":"https:\/\/1.seckinotelrestaurant.com\/#organization"},"potentialAction":[{"@type":"SearchAction","target":{"@type":"EntryPoint","urlTemplate":"https:\/\/1.seckinotelrestaurant.com\/?s={search_term_string}"},"query-input":"required name=search_term_string"}],"inLanguage":"en-US"},{"@type":"WebPage","@id":"https:\/\/1.seckinotelrestaurant.com\/iletisim\/#webpage","url":"https:\/\/1.seckinotelrestaurant.com\/iletisim\/","name":"\u0130leti\u015fim - Se\u00e7kin Otel Restaurant","isPartOf":{"@id":"https:\/\/1.seckinotelrestaurant.com\/#website"},"datePublished":"2018-10-03T18:47:43+00:00","dateModified":"2026-04-20T17:45:35+00:00","breadcrumb":{"@id":"https:\/\/1.seckinotelrestaurant.com\/iletisim\/#breadcrumb"},"inLanguage":"en-US","potentialAction":[{"@type":"ReadAction","target":["https:\/\/1.seckinotelrestaurant.com\/iletisim\/"]}]},{"@type":"BreadcrumbList","@id":"https:\/\/1.seckinotelrestaurant.com\/iletisim\/#breadcrumb","itemListElement":[{"@type":"ListItem","position":1,"name":"Anasayfa","item":"https:\/\/www.seckinotelrestaurant.com\/"},{"@type":"ListItem","position":2,"name":"\u0130leti\u015fim"}]}]}},"_links":{"self":[{"href":"https:\/\/www.seckinotelrestaurant.com\/en\/wp-json\/wp\/v2\/pages\/729"}],"collection":[{"href":"https:\/\/www.seckinotelrestaurant.com\/en\/wp-json\/wp\/v2\/pages"}],"about":[{"href":"https:\/\/www.seckinotelrestaurant.com\/en\/wp-json\/wp\/v2\/types\/page"}],"author":[{"embeddable":true,"href":"https:\/\/www.seckinotelrestaurant.com\/en\/wp-json\/wp\/v2\/users\/1"}],"replies":[{"embeddable":true,"href":"https:\/\/www.seckinotelrestaurant.com\/en\/wp-json\/wp\/v2\/comments?post=729"}],"version-history":[{"count":24,"href":"https:\/\/www.seckinotelrestaurant.com\/en\/wp-json\/wp\/v2\/pages\/729\/revisions"}],"predecessor-version":[{"id":2531,"href":"https:\/\/www.seckinotelrestaurant.com\/en\/wp-json\/wp\/v2\/pages\/729\/revisions\/2531"}],"wp:attachment":[{"href":"https:\/\/www.seckinotelrestaurant.com\/en\/wp-json\/wp\/v2\/media?parent=729"}],"curies":[{"name":"wp","href":"https:\/\/api.w.org\/{rel}","templated":true}]}}